{"id":879,"date":"2021-07-16T11:05:39","date_gmt":"2021-07-16T11:05:39","guid":{"rendered":"https:\/\/pleanailteangachloichcheannfhaola.com\/?page_id=879"},"modified":"2021-07-19T10:48:39","modified_gmt":"2021-07-19T10:48:39","slug":"scealta-leabhair-saor-in-aisce","status":"publish","type":"page","link":"https:\/\/pleanailteangachloichcheannfhaola.com\/en\/scealta-leabhair-saor-in-aisce\/","title":{"rendered":"Free Stories &#038; Books"},"content":{"rendered":"<p>For a full list of Irish language books and short stories (available free online, or download as PDF), see the Irish language version of this page. We&#8217;ve gathered reading materials (mostly from <em>S\u00e9ide\u00e1n S\u00ed <\/em>and COGG) suitable for children and teenagers, from early-years to Leaving cert, to help develop vocabulary and enrich the language of young people &#8211; while enjoying a fun pastime!<\/p>","protected":false},"excerpt":{"rendered":"<p>For a full list of Irish language books and short stories (available free online, or download as PDF), see the Irish language version of this page. We&#8217;ve gathered reading materials (mostly from S\u00e9ide\u00e1n S\u00ed and COGG) suitable for children and teenagers, from early-years to Leaving cert, to help develop vocabulary and enrich the language of [&hellip;]<\/p>\n","protected":false},"author":3,"featured_media":0,"parent":0,"menu_order":0,"comment_status":"closed","ping_status":"closed","template":"","meta":{"_genesis_hide_title":false,"_genesis_hide_breadcrumbs":false,"_genesis_hide_singular_image":false,"_genesis_hide_footer_widgets":false,"_genesis_custom_body_class":"","_genesis_custom_post_class":"","_genesis_layout":"","jetpack_post_was_ever_published":false,"footnotes":""},"class_list":{"0":"post-879","1":"page","2":"type-page","3":"status-publish","5":"entry"},"jetpack_sharing_enabled":true,"jetpack_shortlink":"https:\/\/wp.me\/P5Zkze-eb","_links":{"self":[{"href":"https:\/\/pleanailteangachloichcheannfhaola.com\/en\/wp-json\/wp\/v2\/pages\/879","targetHints":{"allow":["GET"]}}],"collection":[{"href":"https:\/\/pleanailteangachloichcheannfhaola.com\/en\/wp-json\/wp\/v2\/pages"}],"about":[{"href":"https:\/\/pleanailteangachloichcheannfhaola.com\/en\/wp-json\/wp\/v2\/types\/page"}],"author":[{"embeddable":true,"href":"https:\/\/pleanailteangachloichcheannfhaola.com\/en\/wp-json\/wp\/v2\/users\/3"}],"replies":[{"embeddable":true,"href":"https:\/\/pleanailteangachloichcheannfhaola.com\/en\/wp-json\/wp\/v2\/comments?post=879"}],"version-history":[{"count":1,"href":"https:\/\/pleanailteangachloichcheannfhaola.com\/en\/wp-json\/wp\/v2\/pages\/879\/revisions"}],"predecessor-version":[{"id":969,"href":"https:\/\/pleanailteangachloichcheannfhaola.com\/en\/wp-json\/wp\/v2\/pages\/879\/revisions\/969"}],"wp:attachment":[{"href":"https:\/\/pleanailteangachloichcheannfhaola.com\/en\/wp-json\/wp\/v2\/media?parent=879"}],"curies":[{"name":"wp","href":"https:\/\/api.w.org\/{rel}","templated":true}]}}