{"id":821,"date":"2021-06-18T21:24:25","date_gmt":"2021-06-18T21:24:25","guid":{"rendered":"http:\/\/pleanailteangachloichcheannfhaola.com\/?page_id=821"},"modified":"2021-06-18T21:34:45","modified_gmt":"2021-06-18T21:34:45","slug":"acmhainni-naionrai-bunscoileanna","status":"publish","type":"page","link":"https:\/\/pleanailteangachloichcheannfhaola.com\/en\/acmhainni-naionrai-bunscoileanna\/","title":{"rendered":"Resources (Pre-school &#038; Primary Schools)"},"content":{"rendered":"<p>Below you will find links to online resources available to pre-schools and primary schools in the Gaeltacht. If any resources, services, or supports are lacking for our local pre-schools\/primary schools, please get in touch with the Cloughaneely language planning team (cptccf@gmail.com \/ 087 2770722) and we&#8217;ll work to fill in the gaps!<\/p>\n<h3>Pre-schools<\/h3>\n<ol>\n<li><a href=\"https:\/\/gaeloideachas.ie\/acmhainni-naionra\/?lang=ga\">Acmhainn\u00ed do Na\u00edonra\u00ed<\/a> (arna gcur ar f\u00e1il ag <em>Gaelscoileanna<\/em>)<\/li>\n<li><a href=\"http:\/\/www.gaelscoileanna.ie\/acmhainni-naionrai\/\">Acmhainn\u00ed do Na\u00edonra\u00ed<\/a> (arna gcur ar f\u00e1il ag <em>Gaeloideachas<\/em>)<\/li>\n<\/ol>\n<p>&nbsp;<\/p>\n<h3>Primary Schools<\/h3>\n<ol>\n<li><a href=\"https:\/\/www.seideansi.ie\/\">S\u00e9ide\u00e1n S\u00ed &#8211; \u00e1iseanna agus gn\u00edomha\u00edochta\u00ed digiteacha<\/a><\/li>\n<li><a href=\"https:\/\/gaeloideachas.ie\/acmhainni-bunscoile\/?lang=ga\">Acmhainn\u00ed do Bhunscoileanna<\/a> (arna gcur ar f\u00e1il ag <em>Gaeloideachas<\/em>)<\/li>\n<li><a href=\"http:\/\/www.gaelscoileanna.ie\/achmainni-bunscoileanna\/\">Acmhainn\u00ed do Bhunscoileanna<\/a> (arna gcur ar f\u00e1il ag <em>Gaelscoileanna<\/em>)<\/li>\n<\/ol>\n<p><\/p>","protected":false},"excerpt":{"rendered":"<p>Below you will find links to online resources available to pre-schools and primary schools in the Gaeltacht. If any resources, services, or supports are lacking for our local pre-schools\/primary schools, please get in touch with the Cloughaneely language planning team (cptccf@gmail.com \/ 087 2770722) and we&#8217;ll work to fill in the gaps! Pre-schools Acmhainn\u00ed do [&hellip;]<\/p>\n","protected":false},"author":3,"featured_media":0,"parent":0,"menu_order":0,"comment_status":"closed","ping_status":"closed","template":"","meta":{"_genesis_hide_title":false,"_genesis_hide_breadcrumbs":false,"_genesis_hide_singular_image":false,"_genesis_hide_footer_widgets":false,"_genesis_custom_body_class":"","_genesis_custom_post_class":"","_genesis_layout":"","jetpack_post_was_ever_published":false,"footnotes":""},"class_list":{"0":"post-821","1":"page","2":"type-page","3":"status-publish","5":"entry"},"jetpack_sharing_enabled":true,"jetpack_shortlink":"https:\/\/wp.me\/P5Zkze-df","_links":{"self":[{"href":"https:\/\/pleanailteangachloichcheannfhaola.com\/en\/wp-json\/wp\/v2\/pages\/821","targetHints":{"allow":["GET"]}}],"collection":[{"href":"https:\/\/pleanailteangachloichcheannfhaola.com\/en\/wp-json\/wp\/v2\/pages"}],"about":[{"href":"https:\/\/pleanailteangachloichcheannfhaola.com\/en\/wp-json\/wp\/v2\/types\/page"}],"author":[{"embeddable":true,"href":"https:\/\/pleanailteangachloichcheannfhaola.com\/en\/wp-json\/wp\/v2\/users\/3"}],"replies":[{"embeddable":true,"href":"https:\/\/pleanailteangachloichcheannfhaola.com\/en\/wp-json\/wp\/v2\/comments?post=821"}],"version-history":[{"count":1,"href":"https:\/\/pleanailteangachloichcheannfhaola.com\/en\/wp-json\/wp\/v2\/pages\/821\/revisions"}],"predecessor-version":[{"id":830,"href":"https:\/\/pleanailteangachloichcheannfhaola.com\/en\/wp-json\/wp\/v2\/pages\/821\/revisions\/830"}],"wp:attachment":[{"href":"https:\/\/pleanailteangachloichcheannfhaola.com\/en\/wp-json\/wp\/v2\/media?parent=821"}],"curies":[{"name":"wp","href":"https:\/\/api.w.org\/{rel}","templated":true}]}}