{"id":808,"date":"2021-06-18T19:50:32","date_gmt":"2021-06-18T19:50:32","guid":{"rendered":"http:\/\/pleanailteangachloichcheannfhaola.com\/?page_id=808"},"modified":"2021-08-12T10:19:03","modified_gmt":"2021-08-12T10:19:03","slug":"scoileanna-aitiula","status":"publish","type":"page","link":"https:\/\/pleanailteangachloichcheannfhaola.com\/en\/scoileanna-aitiula\/","title":{"rendered":"Our Local Schools"},"content":{"rendered":"<p><\/p>\n<h3>Important Documents<\/h3>\n<p style=\"padding-left: 40px;\">Click here to read the <a href=\"https:\/\/www.education.ie\/ga\/Foilseach%C3%A1in\/Tuarasc%C3%A1lacha-Beartais\/Polasai-don-Oideachas-Gaeltachta-2017-2022.pdf\">Gaeltacht Education Policy 2017-2022.<\/a><br \/>\nClick here to read the <a href=\"https:\/\/pleanailteangachloichcheannfhaola.com\/wp-content\/uploads\/2021\/08\/Treoir-do-na-Scoileanna-Gaeltachta.pdf\">Guide for Gaeltacht Schools<\/a>.<\/p>\n<h3>Early Years Education \/ Pre-schools<\/h3>\n<p style=\"padding-left: 40px;\">There are 2 pre-schools in the area suitable for infants with an Irish language background:<\/p>\n<p style=\"padding-left: 40px;\"><strong>Na\u00edonra Ghort a&#8217; Choirce<br \/>\n<\/strong>Gortahork<br \/>\n086 8753038<strong><br \/>\n<\/strong>gortanchoirce@cnng.ie<\/p>\n<p style=\"padding-left: 40px;\"><strong>Na\u00edonra an Fh\u00e1l Charraigh<\/strong><br \/>\nUnit 7, Falcarragh Business Park<br \/>\n087 2069593<br \/>\nfalcarrach@cnng.ie<\/p>\n<h3><\/h3>\n<h3>Primary Schools<\/h3>\n<p style=\"padding-left: 40px;\">There are 5 primary schools in Cloughaneely. Irish-medium education is used in the majority of the schools:<\/p>\n<p style=\"padding-left: 40px;\"><strong>Naomh Fhion\u00e1in National School<\/strong><br \/>\nBallyconnell, Falcarragh<br \/>\nPrincipal: Stephen Cannon<br \/>\n074 91 35122<br \/>\nscoilfhionain.anfalcarrach@gmail.com<br \/>\nwww.scoilfhionain.ie<\/p>\n<p style=\"padding-left: 40px;\"><strong>Cnoc na Naomh National School<\/strong><br \/>\nDerryconor, Gortahork<br \/>\nPrincipal: Frances Nic \u00cdomhair<br \/>\n074 91 65133<br \/>\ncnocnanaomh@gmail.com<br \/>\nwww.scoilcnocnanaomh.com<\/p>\n<p style=\"padding-left: 40px;\"><strong>Caiseal na gCorr National School<\/strong><br \/>\nDunlewey<br \/>\nPrincipal: R\u00f3is\u00edn N\u00ed Chuire\u00e1in<br \/>\n074 91 65129<br \/>\nscoilchaisealnagcorr@gmail.com<\/p>\n<p style=\"padding-left: 40px;\"><strong>Gort a&#8217; Choirce National School<\/strong><br \/>\nGortahork<br \/>\nPrincipal: Patricia Harley<br \/>\n074 91 35094<br \/>\nscoilnaiste@eircom.net<\/p>\n<p style=\"padding-left: 40px;\"><strong>Naomh Dubhthach National School<\/strong><br \/>\nMagheroarty<br \/>\nPrincipal: Fearghal Mac Grianna<br \/>\n074 91 35665<br \/>\nscoilnaomhdubhthach@yahoo.ie<\/p>\n<p>&nbsp;<\/p>\n<h3>Secondary Schools<\/h3>\n<p style=\"padding-left: 40px;\">Students in the Cloughaneely area general go to one of 2 secondary schools:<\/p>\n<p style=\"padding-left: 40px;\"><strong>PCC Falcarragh<br \/>\n<\/strong>Falcarragh<br \/>\nPrincipal: Maeve Sweeney<br \/>\nIrish Teachers: \u00c9adaoin Nic G\u00e9idigh, Karen Friel<br \/>\n074 91 35424<br \/>\ninfo@pccfalcarragh.ie<\/p>\n<p style=\"padding-left: 40px;\"><strong>Pobalscoil Ghaoth Dobhair <\/strong>(outside of the Cloughaneely district)<strong><br \/>\n<\/strong>Derrybeg, Gweedore<br \/>\nPrincipal: S\u00e9amus \u00d3 Briain<br \/>\n074 95 31311<\/p>\n<p><\/p>","protected":false},"excerpt":{"rendered":"<p>Important Documents Click here to read the Gaeltacht Education Policy 2017-2022. Click here to read the Guide for Gaeltacht Schools. Early Years Education \/ Pre-schools There are 2 pre-schools in the area suitable for infants with an Irish language background: Na\u00edonra Ghort a&#8217; Choirce Gortahork 086 8753038 gortanchoirce@cnng.ie Na\u00edonra an Fh\u00e1l Charraigh Unit 7, Falcarragh [&hellip;]<\/p>\n","protected":false},"author":3,"featured_media":0,"parent":0,"menu_order":0,"comment_status":"closed","ping_status":"closed","template":"","meta":{"_genesis_hide_title":false,"_genesis_hide_breadcrumbs":false,"_genesis_hide_singular_image":false,"_genesis_hide_footer_widgets":false,"_genesis_custom_body_class":"","_genesis_custom_post_class":"","_genesis_layout":"","footnotes":""},"class_list":{"0":"post-808","1":"page","2":"type-page","3":"status-publish","5":"entry"},"jetpack_sharing_enabled":true,"jetpack_shortlink":"https:\/\/wp.me\/P5Zkze-d2","_links":{"self":[{"href":"https:\/\/pleanailteangachloichcheannfhaola.com\/en\/wp-json\/wp\/v2\/pages\/808","targetHints":{"allow":["GET"]}}],"collection":[{"href":"https:\/\/pleanailteangachloichcheannfhaola.com\/en\/wp-json\/wp\/v2\/pages"}],"about":[{"href":"https:\/\/pleanailteangachloichcheannfhaola.com\/en\/wp-json\/wp\/v2\/types\/page"}],"author":[{"embeddable":true,"href":"https:\/\/pleanailteangachloichcheannfhaola.com\/en\/wp-json\/wp\/v2\/users\/3"}],"replies":[{"embeddable":true,"href":"https:\/\/pleanailteangachloichcheannfhaola.com\/en\/wp-json\/wp\/v2\/comments?post=808"}],"version-history":[{"count":1,"href":"https:\/\/pleanailteangachloichcheannfhaola.com\/en\/wp-json\/wp\/v2\/pages\/808\/revisions"}],"predecessor-version":[{"id":1009,"href":"https:\/\/pleanailteangachloichcheannfhaola.com\/en\/wp-json\/wp\/v2\/pages\/808\/revisions\/1009"}],"wp:attachment":[{"href":"https:\/\/pleanailteangachloichcheannfhaola.com\/en\/wp-json\/wp\/v2\/media?parent=808"}],"curies":[{"name":"wp","href":"https:\/\/api.w.org\/{rel}","templated":true}]}}