{"id":732,"date":"2021-05-12T14:41:42","date_gmt":"2021-05-12T14:41:42","guid":{"rendered":"http:\/\/pleanailteangachloichcheannfhaola.com\/?page_id=732"},"modified":"2021-08-20T13:14:03","modified_gmt":"2021-08-20T13:14:03","slug":"eolas-do-thuismitheoiri","status":"publish","type":"page","link":"https:\/\/pleanailteangachloichcheannfhaola.com\/en\/eolas-do-thuismitheoiri\/","title":{"rendered":"Info for Parents"},"content":{"rendered":"<p>There are lots of info and resources available for parents who are considering using Irish (or a mix of Irish and English) in the home with the kids! The Language Planning Team here in Cloughaneely are available too if you want any support, resources, or advice on raising your children with Irish &#8211; get in touch with us anytime!<\/p>\n<h3>Irish at home<\/h3>\n<p>A general guide to raising children with Irish in the Gaelacht is available here:<\/p>\n<p style=\"padding-left: 40px;\"><a href=\"http:\/\/pleanailteangachloichcheannfhaola.com\/wp-content\/uploads\/2021\/05\/Togail-clainne-le-Gaeilge-brochure.pdf\"><em>Ag T\u00f3g\u00e1il Clainne le Gaeilge<\/em><\/a>, by Mair\u00e9ad N\u00ed Chinn\u00e9ide (Irish Language Version)<br \/>\n<em><a href=\"http:\/\/www.gsue.ie\/uploads\/5\/5\/0\/0\/5500604\/guide_to_speaking__irish_at_home.pdf\">Speaking Irish at Home: A Guide for Parents <\/a><\/em>(English Language Version)<\/p>\n<p>Wonderful research has been done by Dr Mary-Pat O&#8217;Malley on bilingualism among children, and she has compiled that info and made it available to parents for free!<\/p>\n<p style=\"padding-left: 40px;\"><a href=\"https:\/\/bilingualfamily.eu\/wp-content\/uploads\/2020\/11\/PEaCH-Handbook-eng-rev3.pdf\" target=\"_blank\" rel=\"noopener\"><em>How to Raise a Bilingual Child: Practical Guide for Parents with Ready-to-Use Activities<\/em><\/a><\/p>\n<p style=\"padding-left: 40px;\"><a href=\"http:\/\/pleanailteangachloichcheannfhaola.com\/wp-content\/uploads\/2021\/05\/HowtoDevelopHomeLanguagesTN.zip\"><em>How to Develop your Child&#8217;s Home Language(s)<\/em><\/a>, by Dr Mary-Pat O&#8217;Malley.<\/p>\n<p><a href=\"https:\/\/tuismitheoiri.ie\/\"><em>Tuismitheoir\u00ed na Gaeltachta<\/em><\/a> and <a href=\"https:\/\/www.teangati.ie\/\"><em>Teanga T\u00ed <\/em><\/a>provide a huge amount of info, resources and supports &#8211; check out their website!<\/p>\n<p>There is a video series on YouTube which deals with speaking Irish in the home: <a href=\"https:\/\/www.youtube.com\/channel\/UCVmCfBVDlCCsozG9cA6K20A\"><em>Cuideachta le Cl\u00edona<\/em><\/a><\/p>\n<h3>Your child&#8217;s primary education<\/h3>\n<p>Valuable information for parents regarding primary level education in the Gaeltacht has been made available by the National Council for Curriculum and Assessment:<\/p>\n<p style=\"padding-left: 40px;\"><a href=\"https:\/\/ncca.ie\/ga\/bunscoil\/acmhainn%C3%AD-do-thuismitheoir%C3%AD\"><em>Primary School &#8211; Resources for Parents<\/em><\/a><\/p>\n<p>The National Parents Council offers a wide range of information for parents regarding their child&#8217;s primary education, including a summary of the most commonly asked questions from parents (available in Irish and English):<\/p>\n<p style=\"padding-left: 40px;\"><em><a href=\"https:\/\/www.npc.ie\/helpline-information\/ceisteanna-a-chuirtear-go-minic\/do-leanbh-agus-do-scoil\" target=\"_blank\" rel=\"noopener\">Your Child and School &#8211; common questions<\/a><\/em><\/p>\n<p>This leaftlet below provides some advice for parents as their child transitions from pre-school to primary school :<\/p>\n<p style=\"padding-left: 40px;\"><em><a href=\"http:\/\/pleanailteangachloichcheannfhaola.com\/wp-content\/uploads\/2021\/05\/Ag-tos-sa-scoil-mhor-1-GAEILGE-combined.pdf\">Starting in Big School &#8211; a few tips for parents <\/a><\/em>(Irish-language version only)<\/p>\n<p style=\"padding-left: 40px;\"><em><a href=\"http:\/\/pleanailteangachloichcheannfhaola.com\/wp-content\/uploads\/2021\/06\/An-Traein-2015.pdf\">The Train: The Transition from the Na\u00edonra to Primary School<\/a> <\/em>(available in Irish and English)<\/p>\n<p><em>Irish for Parents <\/em>provides resources to parents who want to support their children with Irish as a school subject (available in English and Irish):<\/p>\n<p style=\"padding-left: 40px;\"><a href=\"https:\/\/irishforparents.ie\/resources-for-parents\/\" target=\"_blank\" rel=\"noopener\"><em>Supporting your child with Irish at school &#8211; resources<\/em><\/a><\/p>\n<p>The Language Planning Team here in Cloughaneely are available too if you want any support, resources, or advice on raising your children with Irish &#8211; get in touch with us anytime!<\/p>\n<p>&nbsp;<\/p>","protected":false},"excerpt":{"rendered":"<p>There are lots of info and resources available for parents who are considering using Irish (or a mix of Irish and English) in the home with the kids! The Language Planning Team here in Cloughaneely are available too if you want any support, resources, or advice on raising your children with Irish &#8211; get in [&hellip;]<\/p>\n","protected":false},"author":3,"featured_media":734,"parent":0,"menu_order":0,"comment_status":"closed","ping_status":"closed","template":"","meta":{"_genesis_hide_title":false,"_genesis_hide_breadcrumbs":false,"_genesis_hide_singular_image":false,"_genesis_hide_footer_widgets":false,"_genesis_custom_body_class":"","_genesis_custom_post_class":"","_genesis_layout":"","jetpack_post_was_ever_published":false,"footnotes":""},"class_list":{"0":"post-732","1":"page","2":"type-page","3":"status-publish","4":"has-post-thumbnail","6":"entry"},"jetpack_sharing_enabled":true,"jetpack_shortlink":"https:\/\/wp.me\/P5Zkze-bO","_links":{"self":[{"href":"https:\/\/pleanailteangachloichcheannfhaola.com\/en\/wp-json\/wp\/v2\/pages\/732","targetHints":{"allow":["GET"]}}],"collection":[{"href":"https:\/\/pleanailteangachloichcheannfhaola.com\/en\/wp-json\/wp\/v2\/pages"}],"about":[{"href":"https:\/\/pleanailteangachloichcheannfhaola.com\/en\/wp-json\/wp\/v2\/types\/page"}],"author":[{"embeddable":true,"href":"https:\/\/pleanailteangachloichcheannfhaola.com\/en\/wp-json\/wp\/v2\/users\/3"}],"replies":[{"embeddable":true,"href":"https:\/\/pleanailteangachloichcheannfhaola.com\/en\/wp-json\/wp\/v2\/comments?post=732"}],"version-history":[{"count":2,"href":"https:\/\/pleanailteangachloichcheannfhaola.com\/en\/wp-json\/wp\/v2\/pages\/732\/revisions"}],"predecessor-version":[{"id":1028,"href":"https:\/\/pleanailteangachloichcheannfhaola.com\/en\/wp-json\/wp\/v2\/pages\/732\/revisions\/1028"}],"wp:featuredmedia":[{"embeddable":true,"href":"https:\/\/pleanailteangachloichcheannfhaola.com\/en\/wp-json\/wp\/v2\/media\/734"}],"wp:attachment":[{"href":"https:\/\/pleanailteangachloichcheannfhaola.com\/en\/wp-json\/wp\/v2\/media?parent=732"}],"curies":[{"name":"wp","href":"https:\/\/api.w.org\/{rel}","templated":true}]}}